{"id":174,"date":"2015-06-06T10:24:17","date_gmt":"2015-06-06T07:24:17","guid":{"rendered":"http:\/\/pacosweb.byethost3.com\/?page_id=174"},"modified":"2016-04-15T10:14:46","modified_gmt":"2016-04-15T07:14:46","slug":"1st-projects-workshop","status":"publish","type":"page","link":"https:\/\/scinetnathaz.net\/?page_id=174","title":{"rendered":"1st Project&#8217;s Workshop"},"content":{"rendered":"<p><script src=\"jquery-1.11.3.min.js\" type=\"text\/javascript\"><\/script><script src=\"menu.js\" type=\"text\/javascript\"><\/script><\/p>\n<table id=\"table1\" border=\"1\" width=\"41%\">\n<tbody>\n<tr>\n<td width=\"193\"><span lang=\"en-us\">Date<\/span><\/td>\n<td>\u00a013 &#8211; 14 March 2014<\/td>\n<\/tr>\n<tr>\n<td width=\"193\"><span lang=\"en-us\">Location\u00a0<\/span><\/td>\n<td>\u00a0Istanbul, Turkey<\/td>\n<\/tr>\n<tr>\n<td width=\"193\"><span lang=\"en-us\">Venue<\/span><\/td>\n<td>\u00a0Macka Social Center, Istanbul Technical University Foundation<\/td>\n<\/tr>\n<tr>\n<td width=\"193\"><span lang=\"en-us\">Responsible Partner<\/span><\/td>\n<td>\u00a0Kandilli Observatory and Earthquake Research Institute &#8211; KOERI (IPA Beneficiary)<\/td>\n<\/tr>\n<tr>\n<td width=\"193\"><span lang=\"en-us\">Partipants<\/span><\/td>\n<td>\u00a0All Partners<\/td>\n<\/tr>\n<tr>\n<td width=\"193\"><span lang=\"en-us\">Announcement &amp; Agenda<\/span><\/td>\n<td>\u00a0<a href=\"https:\/\/scinetnathaz.net\/wp-content\/uploads\/2015\/06\/1st_workshop_Turkey_AnnouncementAgenda.pdf\" target=\"_blank\">Agenda<\/a><\/td>\n<\/tr>\n<\/tbody>\n<\/table>\n<p>Event material: Presentations<\/p>\n<section>\n<article>\n<ul class=\"fa-ul\">\n<li><a href=\"https:\/\/scinetnathaz.net\/wp-content\/uploads\/2015\/06\/0InvitedLecture_MustafaErdik.pdf\" target=\"_blank\">Invited Lecturer: Prof. Dr. Mustafa Erdik, BU- KOERI \u201cEarthquake Loss Assessment\u201d<\/a><\/li>\n<li><a href=\"https:\/\/scinetnathaz.net\/wp-content\/uploads\/2015\/06\/1MineBDemircioglu_Turkey.pdf\" target=\"_blank\">Seismic Hazard Assessment Methodologies for Turkey<\/a><\/li>\n<li><a href=\"https:\/\/scinetnathaz.net\/wp-content\/uploads\/2015\/06\/2BasilMargaris_Greece.pdf\">Greek P2: Selected Seismic Hazard Assessment Methodologies Applied to Specific National Case Studies<\/a><\/li>\n<li><a href=\"https:\/\/scinetnathaz.net\/wp-content\/uploads\/2015\/06\/2ChristosPapaioannou_Greece.pdf\" target=\"_blank\">Seismic hazard Greek case study<\/a><\/li>\n<li><a href=\"https:\/\/scinetnathaz.net\/wp-content\/uploads\/2015\/06\/3DimchoSolakov_Bulgaria.pdf\">Institute of Geophysics, Geodesy and Geography, Bulgarian Academy of Sciences, Bulgaria<\/a><\/li>\n<li><a href=\"https:\/\/scinetnathaz.net\/wp-content\/uploads\/2015\/06\/4GheorgheMarmureanu_Romania.pdf\" target=\"_blank\">National Institute for Earth Physics, Romania 1<\/a><\/li>\n<li><a href=\"https:\/\/scinetnathaz.net\/wp-content\/uploads\/2015\/06\/4MirceaRadulian_Romania.pdf\">National Institute for Earth Physics, Romania 2<\/a><\/li>\n<li><a href=\"https:\/\/scinetnathaz.net\/wp-content\/uploads\/2015\/06\/5OlegBogdevic_Moldova.pdf\" target=\"_blank\">Institute of Geology and Seismology, Academy of Science of Moldova<\/a><\/li>\n<li><a href=\"https:\/\/scinetnathaz.net\/wp-content\/uploads\/2015\/06\/6AnatolijKrissilov_Ukraine.pdf\" target=\"_blank\">The Black Sea Branch of Ukrainian Environmental Academy of Science, Ukraine<\/a><\/li>\n<li><a href=\"https:\/\/scinetnathaz.net\/wp-content\/uploads\/2015\/06\/0InvitedLecture_IsilSakin.pdf\" target=\"_blank\">I\u015f\u0131l Sak\u0131n, Ministry of Forestry and Water Affairs \u201cFlood Management Studies\u201d<\/a><\/li>\n<li><a href=\"https:\/\/scinetnathaz.net\/wp-content\/uploads\/2015\/06\/0InvitedLecture_SalihBabagiray.pdf\" target=\"_blank\">Salih Babagiray, General Directorate of State Hydraulic Works \u201cFlood Prevention Studies\u201d<\/a><\/li>\n<li><a href=\"https:\/\/scinetnathaz.net\/wp-content\/uploads\/2015\/06\/1OzgurKirca_Turkey.pdf\" target=\"_blank\">Current Status of Flood Hazard Analysis in Turkey<\/a><\/li>\n<li><a href=\"https:\/\/scinetnathaz.net\/wp-content\/uploads\/2015\/06\/2EleniTzanou_Greece.pdf\" target=\"_blank\">Hydrology and Hydraulic Modeling for Flash Floods Risk Assessment and Mapping<\/a><\/li>\n<li><a href=\"https:\/\/scinetnathaz.net\/wp-content\/uploads\/2015\/06\/2KonstantinosPapatheodorou_Greece.pdf\">2KonstantinosPapatheodorou_Greece<\/a><\/li>\n<li><a href=\"https:\/\/scinetnathaz.net\/wp-content\/uploads\/2015\/06\/2StylianosSkias_Greece.pdf\">Facts regarding the flood problem in the Evros\/Maritsa\/Meric transboundary river basin*. Prerequisites for its effective management (*) Bulgaria-Turkey- Greece<\/a><\/li>\n<li><a href=\"https:\/\/scinetnathaz.net\/wp-content\/uploads\/2015\/06\/4CarmenMaftei_Romania.pdf\">Extreme Phenomena in Dobrogea &#8211; Floods and Droughts<\/a><\/li>\n<li><a href=\"https:\/\/scinetnathaz.net\/wp-content\/uploads\/2015\/06\/4Mary-JeanneAdler_Romania.pdf\" target=\"_blank\">Flood Hazard and Risk Mapping through the Romanian participation Projects: Danube FLOODRISK, e-LAC, VULMIN<\/a><\/li>\n<li><a href=\"https:\/\/scinetnathaz.net\/wp-content\/uploads\/2015\/06\/5OlegBogdevic_Moldova1.pdf\">Flood hazard study in Moldova<\/a><\/li>\n<li><a href=\"https:\/\/scinetnathaz.net\/wp-content\/uploads\/2015\/06\/6MykhayloKornilov_Ukraine.pdf\" target=\"_blank\">Flood Hazard Assessment Lower Danube Case<\/a><\/li>\n<li><a href=\"https:\/\/scinetnathaz.net\/wp-content\/uploads\/2015\/06\/0InvitedLecture_TolgaCan.pdf\" target=\"_blank\">Invited Lecturer: Assoc.Prof.Dr. Tolga \u00c7an, \u00c7ukurova University \u201cLandslide Hazard Analysis\u201d<\/a><\/li>\n<li><a href=\"https:\/\/scinetnathaz.net\/wp-content\/uploads\/2015\/06\/0InvitedLecture_AytekErsan.pdf\" target=\"_blank\">GIS Application for Disaster Mnagement in Samsun city (North Turkey)<\/a><\/li>\n<li><a href=\"https:\/\/scinetnathaz.net\/wp-content\/uploads\/2015\/06\/1AtillaAnsal_Turkey.pdf\" target=\"_blank\">Landslide Hazard due to earthquakes and rainfall<\/a><\/li>\n<li><a href=\"https:\/\/scinetnathaz.net\/wp-content\/uploads\/2015\/06\/2NikolaosKlimis_Greece.pdf\" target=\"_blank\">Evaluation of Landslide Hazard Assessment Models at Regional Scale<\/a><\/li>\n<li><a href=\"https:\/\/scinetnathaz.net\/wp-content\/uploads\/2015\/06\/3NikolaiDobrev_Bulgaria.pdf\" target=\"_blank\">Landslides in Bulgaria<\/a><\/li>\n<li><a href=\"https:\/\/scinetnathaz.net\/wp-content\/uploads\/2015\/06\/4ZoiaPrefac_Romania.pdf\" target=\"_blank\">Landslide Hazard Assessment Methodologies in Romania<\/a><\/li>\n<li><a href=\"https:\/\/scinetnathaz.net\/wp-content\/uploads\/2015\/06\/5OlegBogdevic_Moldova2.pdf\" target=\"_blank\">Institute of Geology and Seismology, Academy of Science of Moldova<\/a><\/li>\n<li><a href=\"https:\/\/scinetnathaz.net\/wp-content\/uploads\/2015\/06\/6AnatolijKrissilov_Ukraine1.pdf\">The Black Sea Branch of Ukrainian Environmental Academy of Science, Ukrain<\/a><\/li>\n<\/ul>\n<\/article>\n<div class=\"images-carousel-container t4p-image-carousel lightbox-enabled\"><div class=\"es-carousel-wrapper t4p-carousel-small\"><div class=\"es-carousel\"><ul>\n<li><div class=\"image\"><a rel=\"prettyPhoto[gallery_image_1]\" href=\"https:\/\/scinetnathaz.net\/wp-content\/uploads\/2015\/06\/uk1-1.jpg\" target=\"_self\"><img decoding=\"async\" src=\"https:\/\/scinetnathaz.net\/wp-content\/uploads\/2015\/06\/uk1-1.jpg\" alt=\"\" \/><\/a><\/div><\/li>\n<li><div class=\"image\"><a rel=\"prettyPhoto[gallery_image_1]\" href=\"https:\/\/scinetnathaz.net\/wp-content\/uploads\/2015\/06\/uk2-1.jpg\" target=\"_self\"><img decoding=\"async\" src=\"https:\/\/scinetnathaz.net\/wp-content\/uploads\/2015\/06\/uk2-1.jpg\" alt=\"\" \/><\/a><\/div><\/li>\n<li><div class=\"image\"><a rel=\"prettyPhoto[gallery_image_1]\" href=\"https:\/\/scinetnathaz.net\/wp-content\/uploads\/2015\/06\/uk3-1.jpg\" target=\"_self\"><img decoding=\"async\" src=\"https:\/\/scinetnathaz.net\/wp-content\/uploads\/2015\/06\/uk3-1.jpg\" alt=\"\" \/><\/a><\/div><\/li>\n<li><div class=\"image\"><a rel=\"prettyPhoto[gallery_image_1]\" href=\"https:\/\/scinetnathaz.net\/wp-content\/uploads\/2015\/06\/uk4-1.jpg\" target=\"_self\"><img decoding=\"async\" src=\"https:\/\/scinetnathaz.net\/wp-content\/uploads\/2015\/06\/uk4-1.jpg\" alt=\"\" \/><\/a><\/div><\/li>\n<li><div class=\"image\"><a rel=\"prettyPhoto[gallery_image_1]\" href=\"https:\/\/scinetnathaz.net\/wp-content\/uploads\/2015\/06\/uk5-1.jpg\" target=\"_self\"><img decoding=\"async\" src=\"https:\/\/scinetnathaz.net\/wp-content\/uploads\/2015\/06\/uk5-1.jpg\" alt=\"\" \/><\/a><\/div><\/li>\n<li><div class=\"image\"><a rel=\"prettyPhoto[gallery_image_1]\" href=\"https:\/\/scinetnathaz.net\/wp-content\/uploads\/2015\/06\/uk6-1.jpg\" target=\"_self\"><img decoding=\"async\" src=\"https:\/\/scinetnathaz.net\/wp-content\/uploads\/2015\/06\/uk6-1.jpg\" alt=\"\" \/><\/a><\/div><\/li>\n<li><div class=\"image\"><a rel=\"prettyPhoto[gallery_image_1]\" href=\"https:\/\/scinetnathaz.net\/wp-content\/uploads\/2015\/06\/uk15-1.jpg\" target=\"_self\"><img decoding=\"async\" src=\"https:\/\/scinetnathaz.net\/wp-content\/uploads\/2015\/06\/uk15-1.jpg\" alt=\"\" \/><\/a><\/div><\/li>\n<li><div class=\"image\"><a rel=\"prettyPhoto[gallery_image_1]\" href=\"https:\/\/scinetnathaz.net\/wp-content\/uploads\/2015\/06\/uk14-1.jpg\" target=\"_self\"><img decoding=\"async\" src=\"https:\/\/scinetnathaz.net\/wp-content\/uploads\/2015\/06\/uk14-1.jpg\" alt=\"\" \/><\/a><\/div><\/li>\n<li><div class=\"image\"><a rel=\"prettyPhoto[gallery_image_1]\" href=\"https:\/\/scinetnathaz.net\/wp-content\/uploads\/2015\/06\/uk13-1.jpg\" target=\"_self\"><img decoding=\"async\" src=\"https:\/\/scinetnathaz.net\/wp-content\/uploads\/2015\/06\/uk13-1.jpg\" alt=\"\" \/><\/a><\/div><\/li>\n<li><div class=\"image\"><a rel=\"prettyPhoto[gallery_image_1]\" href=\"https:\/\/scinetnathaz.net\/wp-content\/uploads\/2015\/06\/uk12-1.jpg\" target=\"_self\"><img decoding=\"async\" src=\"https:\/\/scinetnathaz.net\/wp-content\/uploads\/2015\/06\/uk12-1.jpg\" alt=\"\" \/><\/a><\/div><\/li>\n<li><div class=\"image\"><a rel=\"prettyPhoto[gallery_image_1]\" href=\"https:\/\/scinetnathaz.net\/wp-content\/uploads\/2015\/06\/uk11-1.jpg\" target=\"_self\"><img decoding=\"async\" src=\"https:\/\/scinetnathaz.net\/wp-content\/uploads\/2015\/06\/uk11-1.jpg\" alt=\"\" \/><\/a><\/div><\/li>\n<li><div class=\"image\"><a rel=\"prettyPhoto[gallery_image_1]\" href=\"https:\/\/scinetnathaz.net\/wp-content\/uploads\/2015\/06\/uk10-1.jpg\" target=\"_self\"><img decoding=\"async\" src=\"https:\/\/scinetnathaz.net\/wp-content\/uploads\/2015\/06\/uk10-1.jpg\" alt=\"\" \/><\/a><\/div><\/li>\n<li><div class=\"image\"><a rel=\"prettyPhoto[gallery_image_1]\" href=\"https:\/\/scinetnathaz.net\/wp-content\/uploads\/2015\/06\/uk9-1.jpg\" target=\"_self\"><img decoding=\"async\" src=\"https:\/\/scinetnathaz.net\/wp-content\/uploads\/2015\/06\/uk9-1.jpg\" alt=\"\" \/><\/a><\/div><\/li>\n<li><div class=\"image\"><a rel=\"prettyPhoto[gallery_image_1]\" href=\"https:\/\/scinetnathaz.net\/wp-content\/uploads\/2015\/06\/uk8-1.jpg\" target=\"_self\"><img decoding=\"async\" src=\"https:\/\/scinetnathaz.net\/wp-content\/uploads\/2015\/06\/uk8-1.jpg\" alt=\"\" \/><\/a><\/div><\/li>\n<li><div class=\"image\"><a rel=\"prettyPhoto[gallery_image_1]\" href=\"https:\/\/scinetnathaz.net\/wp-content\/uploads\/2015\/06\/uk7-1.jpg\" target=\"_self\"><img decoding=\"async\" src=\"https:\/\/scinetnathaz.net\/wp-content\/uploads\/2015\/06\/uk7-1.jpg\" alt=\"\" \/><\/a><\/div><\/li>\n<\/ul><\/div><div class=\"es-nav\"><span class=\"es-nav-prev\"><\/span><span class=\"es-nav-next\"><\/span><\/div><\/div><\/div>\n<\/section>\n<div class=\"clear\"><\/div>\n","protected":false},"excerpt":{"rendered":"<p>Date \u00a013 &#8211; 14 March 2014 Location\u00a0 \u00a0Istanbul, Turkey Venue \u00a0Macka Social Center, Istanbul Technical University Foundation Responsible Partner \u00a0Kandilli Observatory and Earthquake Research Institute &#8211; KOERI (IPA Beneficiary) Partipants \u00a0All Partners Announcement &amp; Agenda \u00a0Agenda Event material: Presentations Invited Lecturer: Prof. Dr. Mustafa Erdik, BU- KOERI \u201cEarthquake Loss Assessment\u201d Seismic Hazard Assessment Methodologies for [&hellip;]<\/p>\n","protected":false},"author":1,"featured_media":0,"parent":21,"menu_order":0,"comment_status":"closed","ping_status":"closed","template":"","meta":{"footnotes":""},"class_list":["post-174","page","type-page","status-publish","hentry"],"_links":{"self":[{"href":"https:\/\/scinetnathaz.net\/index.php?rest_route=\/wp\/v2\/pages\/174","targetHints":{"allow":["GET"]}}],"collection":[{"href":"https:\/\/scinetnathaz.net\/index.php?rest_route=\/wp\/v2\/pages"}],"about":[{"href":"https:\/\/scinetnathaz.net\/index.php?rest_route=\/wp\/v2\/types\/page"}],"author":[{"embeddable":true,"href":"https:\/\/scinetnathaz.net\/index.php?rest_route=\/wp\/v2\/users\/1"}],"replies":[{"embeddable":true,"href":"https:\/\/scinetnathaz.net\/index.php?rest_route=%2Fwp%2Fv2%2Fcomments&post=174"}],"version-history":[{"count":33,"href":"https:\/\/scinetnathaz.net\/index.php?rest_route=\/wp\/v2\/pages\/174\/revisions"}],"predecessor-version":[{"id":1747,"href":"https:\/\/scinetnathaz.net\/index.php?rest_route=\/wp\/v2\/pages\/174\/revisions\/1747"}],"up":[{"embeddable":true,"href":"https:\/\/scinetnathaz.net\/index.php?rest_route=\/wp\/v2\/pages\/21"}],"wp:attachment":[{"href":"https:\/\/scinetnathaz.net\/index.php?rest_route=%2Fwp%2Fv2%2Fmedia&parent=174"}],"curies":[{"name":"wp","href":"https:\/\/api.w.org\/{rel}","templated":true}]}}